{"id":54,"date":"2018-12-13T08:48:01","date_gmt":"2018-12-13T08:48:01","guid":{"rendered":"http:\/\/pm16pabianice.pl\/?page_id=54"},"modified":"2025-09-05T07:56:23","modified_gmt":"2025-09-05T07:56:23","slug":"komitet-rodzicielski","status":"publish","type":"page","link":"https:\/\/pm16pabianice.pl\/?page_id=54","title":{"rendered":"Komitet rodzicielski"},"content":{"rendered":"<p style=\"text-align: center;\">W roku szkolnym 2025\/2026 sk\u0142adka na Rad\u0119 Rodzic\u00f3w wynosi<\/p>\n<ul>\n<li style=\"text-align: center;\">200 z\u0142 na pierwsze dziecko,<\/li>\n<li style=\"text-align: center;\">100 z\u0142 na drugie dziecko,<\/li>\n<li style=\"text-align: center;\">50 z\u0142 na ka\u017cde kolejne dziecko<\/li>\n<\/ul>\n<p>&nbsp;<\/p>\n<p>&nbsp;<\/p>\n<p style=\"text-align: center;\">Wp\u0142aty prosimy dokonywa\u0107 w jednej lub w dw\u00f3ch ratach<\/p>\n<p style=\"text-align: center;\">w terminach do 15.10.2025(I rata) i do 15.03.2026 (II rata),<\/p>\n<p style=\"text-align: center;\">drog\u0105 elektroniczn\u0105 na numer konta Rady Rodzic\u00f3w przy PM Nr 16:<\/p>\n<p style=\"text-align: center;\"><strong>90 1240 3044 1111 0010 9949 9027 Bank PeKaO<\/strong><\/p>\n<p style=\"text-align: center;\">W tytule przelewu prosimy wpisa\u0107: <strong>imi\u0119 i nazwisko dziecka i nr grupy<\/strong>.<\/p>\n<p>&nbsp;<\/p>\n<p>&nbsp;<\/p>\n<p style=\"text-align: center;\">Rada Rodzic\u00f3w wybra\u0142a ubezpieczyciela NNW, firm\u0119 COMPENSA TU S.A. VIG<\/p>\n<p style=\"text-align: center;\">Sk\u0142adka 60 z\u0142 na rok<\/p>\n<p style=\"text-align: center;\">Zainteresowane osoby, mog\u0105 wp\u0142aca\u0107 sk\u0142adk\u0119 u nauczycielek grup<\/p>\n<p style=\"text-align: center;\">&nbsp;<\/p>\n","protected":false},"excerpt":{"rendered":"<p>W roku szkolnym 2025\/2026 sk\u0142adka na Rad\u0119 Rodzic\u00f3w wynosi 200<a href=\"https:\/\/pm16pabianice.pl\/?page_id=54\" rel=\"nofollow\">[&#8230;]<\/a><\/p>\n","protected":false},"author":1,"featured_media":0,"parent":0,"menu_order":0,"comment_status":"closed","ping_status":"closed","template":"","meta":{"ngg_post_thumbnail":0},"_links":{"self":[{"href":"https:\/\/pm16pabianice.pl\/index.php?rest_route=\/wp\/v2\/pages\/54"}],"collection":[{"href":"https:\/\/pm16pabianice.pl\/index.php?rest_route=\/wp\/v2\/pages"}],"about":[{"href":"https:\/\/pm16pabianice.pl\/index.php?rest_route=\/wp\/v2\/types\/page"}],"author":[{"embeddable":true,"href":"https:\/\/pm16pabianice.pl\/index.php?rest_route=\/wp\/v2\/users\/1"}],"replies":[{"embeddable":true,"href":"https:\/\/pm16pabianice.pl\/index.php?rest_route=%2Fwp%2Fv2%2Fcomments&post=54"}],"version-history":[{"count":12,"href":"https:\/\/pm16pabianice.pl\/index.php?rest_route=\/wp\/v2\/pages\/54\/revisions"}],"predecessor-version":[{"id":480,"href":"https:\/\/pm16pabianice.pl\/index.php?rest_route=\/wp\/v2\/pages\/54\/revisions\/480"}],"wp:attachment":[{"href":"https:\/\/pm16pabianice.pl\/index.php?rest_route=%2Fwp%2Fv2%2Fmedia&parent=54"}],"curies":[{"name":"wp","href":"https:\/\/api.w.org\/{rel}","templated":true}]}}